{"id":309,"date":"2020-01-13T11:17:52","date_gmt":"2020-01-13T11:17:52","guid":{"rendered":"https:\/\/demosites.io\/web-agency-gb\/?page_id=5"},"modified":"2024-04-30T15:00:10","modified_gmt":"2024-04-30T15:00:10","slug":"15c42-web-agency-gb-home","status":"publish","type":"page","link":"https:\/\/kadikoytercume.com\/","title":{"rendered":"ANA SAYFA"},"content":{"rendered":"\r\n<div class=\"wp-block-cover alignfull is-light is-layout-flow wp-block-cover-is-layout-flow\" style=\"min-height: 700px;aspect-ratio:unset;\"><img loading=\"lazy\" decoding=\"async\" class=\"wp-block-cover__image-background alignnone wp-image-9 size-full\" style=\"object-position: 50% 64%;\" src=\"http:\/\/kadikoytercume.com\/wp-content\/uploads\/2024\/04\/kadikoy-tercume-burosu.jpeg\" alt=\"\" width=\"2000\" height=\"1200\" data-object-fit=\"cover\" data-object-position=\"50% 64%\" srcset=\"https:\/\/kadikoytercume.com\/wp-content\/uploads\/2024\/04\/kadikoy-tercume-burosu.jpeg 2000w, https:\/\/kadikoytercume.com\/wp-content\/uploads\/2024\/04\/kadikoy-tercume-burosu-300x180.jpeg 300w, https:\/\/kadikoytercume.com\/wp-content\/uploads\/2024\/04\/kadikoy-tercume-burosu-1024x614.jpeg 1024w, https:\/\/kadikoytercume.com\/wp-content\/uploads\/2024\/04\/kadikoy-tercume-burosu-768x461.jpeg 768w, https:\/\/kadikoytercume.com\/wp-content\/uploads\/2024\/04\/kadikoy-tercume-burosu-1536x922.jpeg 1536w\" sizes=\"auto, (max-width: 2000px) 100vw, 2000px\" \/><\/div>\r\n<div>\u00a0<\/div>\r\n<div class=\"wp-block-columns\">\r\n<div class=\"wp-block-column\">\u00a0<\/div>\r\n<div class=\"wp-block-column\">\r\n<p class=\"has-text-align-center\">\u00a0<\/p>\r\n\r\n\r\n<\/div>\r\n<\/div>\r\n<table style=\"width: %100; height: 306px;\">\r\n<tbody>\r\n<tr style=\"height: 274.5px;\">\r\n<td style=\"width: 380px; height: 274.5px;\">\r\n<p><strong>KADIK\u00d6Y TERC\u00dcME MERKEZ\u0130<\/strong><\/p>\r\n<p>Tel : 0216 414 0004 \/ 0216 418 0001 \/ 0535 608 2381<\/p>\r\n<p><a href=\"mailto:kadikoytercume@gmail.com\">Mail : kadikoytercume@gmail.com<\/a><\/p>\r\n<p>Adres: R\u0131ht\u0131m Caddesi Re\u015fitefendi sk. Olcay \u0130\u015f Han\u0131 No:1 Kat:2 Daire:9 Kad\u0131k\u00f6y \/ \u0130stanbul<\/p>\r\n<p>&nbsp;<\/p>\r\n<\/td>\r\n<td style=\"width: 407px; height: 274.5px;\"><iframe loading=\"lazy\" style=\"border: 0;\" src=\"https:\/\/www.google.com\/maps\/embed?pb=!1m18!1m12!1m3!1d3011.483839044924!2d29.02252007724513!3d40.99278202037712!2m3!1f0!2f0!3f0!3m2!1i1024!2i768!4f13.1!3m3!1m2!1s0x14cab86851c3d671%3A0x66ea877ac65dd63!2zS2FkxLFrw7Z5IFRlcmPDvG1lIE1lcmtlemk!5e0!3m2!1str!2str!4v1714487856444!5m2!1str!2str\" width=\"400\" height=\"300\" allowfullscreen=\"allowfullscreen\"><\/iframe><\/td>\r\n<\/tr>\r\n<\/tbody>\r\n<\/table>\r\n<p>&nbsp;<\/p>\r\n","protected":false},"excerpt":{"rendered":"","protected":false},"author":1,"featured_media":0,"parent":0,"menu_order":0,"comment_status":"closed","ping_status":"closed","template":"","meta":{"neve_meta_sidebar":"","neve_meta_container":"","neve_meta_enable_content_width":"on","neve_meta_content_width":100,"neve_meta_title_alignment":"","neve_meta_author_avatar":"","neve_post_elements_order":"","neve_meta_disable_header":"","neve_meta_disable_footer":"","neve_meta_disable_title":"on","_themeisle_gutenberg_block_has_review":false,"_ti_tpc_template_sync":false,"_ti_tpc_template_id":"5udqur826ojgsxrmsxsc","footnotes":""},"class_list":["post-309","page","type-page","status-publish","hentry"],"_links":{"self":[{"href":"https:\/\/kadikoytercume.com\/index.php?rest_route=\/wp\/v2\/pages\/309","targetHints":{"allow":["GET"]}}],"collection":[{"href":"https:\/\/kadikoytercume.com\/index.php?rest_route=\/wp\/v2\/pages"}],"about":[{"href":"https:\/\/kadikoytercume.com\/index.php?rest_route=\/wp\/v2\/types\/page"}],"author":[{"embeddable":true,"href":"https:\/\/kadikoytercume.com\/index.php?rest_route=\/wp\/v2\/users\/1"}],"replies":[{"embeddable":true,"href":"https:\/\/kadikoytercume.com\/index.php?rest_route=%2Fwp%2Fv2%2Fcomments&post=309"}],"version-history":[{"count":19,"href":"https:\/\/kadikoytercume.com\/index.php?rest_route=\/wp\/v2\/pages\/309\/revisions"}],"predecessor-version":[{"id":395,"href":"https:\/\/kadikoytercume.com\/index.php?rest_route=\/wp\/v2\/pages\/309\/revisions\/395"}],"wp:attachment":[{"href":"https:\/\/kadikoytercume.com\/index.php?rest_route=%2Fwp%2Fv2%2Fmedia&parent=309"}],"curies":[{"name":"wp","href":"https:\/\/api.w.org\/{rel}","templated":true}]}}